{"id":726,"date":"2018-01-23T14:10:25","date_gmt":"2018-01-23T14:10:25","guid":{"rendered":"https:\/\/10klleida.com\/contacte\/"},"modified":"2024-10-17T12:14:23","modified_gmt":"2024-10-17T12:14:23","slug":"contacte","status":"publish","type":"page","link":"https:\/\/10klleida.com\/ca\/contacte\/","title":{"rendered":"CONTACTE"},"content":{"rendered":"<div class=\"wpb-content-wrapper\"><p>[vc_row css_animation=&#8221;&#8221; row_type=&#8221;row&#8221; use_row_as_full_screen_section=&#8221;no&#8221; type=&#8221;full_width&#8221; angled_section=&#8221;no&#8221; text_align=&#8221;left&#8221; background_image_as_pattern=&#8221;without_pattern&#8221; el_class=&#8221;row-with-separator&#8221; z_index=&#8221;&#8221;][vc_column css=&#8221;.vc_custom_1516724424449{margin-top: 0px !important;margin-right: 0px !important;margin-bottom: 0px !important;margin-left: 0px !important;padding-right: 0px !important;padding-left: 0px !important;}&#8221;][qode_elements_holder number_of_columns=&#8221;two_columns&#8221;][qode_elements_holder_item vertical_alignment=&#8221;middle&#8221; advanced_animations=&#8221;no&#8221; background_image=&#8221;383&#8243;][\/qode_elements_holder_item][qode_elements_holder_item vertical_alignment=&#8221;middle&#8221; advanced_animations=&#8221;no&#8221; background_color=&#8221;#1a1917&#8243; item_padding=&#8221;21% 16%&#8221; item_padding_1280_1440=&#8221;5% 13%&#8221; item_padding_1024_1280=&#8221;5% 13%&#8221; item_padding_768_1024=&#8221;6% 10%&#8221; item_padding_600_768=&#8221;15% 9%&#8221; item_padding_480_600=&#8221;17% 15%&#8221; item_padding_480=&#8221;17% 15%&#8221;][vc_empty_space height=&#8221;65px&#8221;][vc_column_text css=&#8221;&#8221;]<\/p>\n<h2 style=\"font-weight: 300;\"><span style=\"color: #ffffff;\">[vc_separator type=&#8221;small&#8221; position=&#8221;left&#8221; color=&#8221;#86923f&#8221; thickness=&#8221;2&#8243; width=&#8221;50&#8243; down=&#8221;8&#8243;]DADES<\/span><\/h2>\n<p>[\/vc_column_text][vc_column_text css=&#8221;&#8221;]<\/p>\n<h2 style=\"font-weight: 900; margin-left: 30px;\"><span style=\"color: #ffffff;\">CONTACTE<\/span><\/h2>\n<p>[\/vc_column_text][vc_empty_space height=&#8221;28px&#8221;][vc_column_text css=&#8221;&#8221;]L&#8217;Associaci\u00f3 Lleidatana de l&#8217;Esport (ALEDE) \u00e9s una entitat sense \u00e0nim de lucre que t\u00e9 com a objectiu principal la promoci\u00f3 de l&#8217;esport al territori de Lleida, amb un enfocament especial a l&#8217;atletisme. Constitu\u00efda d&#8217;acord amb la legislaci\u00f3 vigent, ALEDE organitza diverses activitats per fomentar la pr\u00e0ctica esportiva, simposis i cursos de formaci\u00f3 per a esportistes, aix\u00ed com carreres esportives dirigides tant a atletes de base i amateurs com a esportistes d&#8217;elit. La seva missi\u00f3 \u00e9s contribuir al desenvolupament de l&#8217;esport en totes les seves formes a la ciutat i la prov\u00edncia de Lleida.[\/vc_column_text][vc_empty_space height=&#8221;28px&#8221;][vc_row_inner row_type=&#8221;row&#8221; type=&#8221;full_width&#8221; text_align=&#8221;left&#8221; css_animation=&#8221;&#8221;][vc_column_inner offset=&#8221;vc_col-lg-6&#8243;]<div class='q_icon_with_title tiny normal_icon '><div class=\"icon_holder \" style=\" \"><span data-icon-type=\"normal\"   style=\"font-size: 20px;\" class=\"qode_iwt_icon_holder q_font_awsome_icon fa-lg  \"><span aria-hidden=\"true\" class=\"qode_icon_font_elegant icon_pin_alt qode_iwt_icon_element\" style=\"color: #ffffff;\" ><\/span><\/span><\/div><div class=\"icon_text_holder\" style=\"\"><div class=\"icon_text_inner\" style=\"\"><h5 class=\"icon_title\" style=\"\"><\/h5><p style=''>Carrer Llu\u00eds Companys 1 Planta 5* porta 1a 25003 Lleida<\/p><\/div><\/div><\/div>[vc_empty_space][\/vc_column_inner][vc_column_inner offset=&#8221;vc_col-lg-6&#8243;][\/vc_column_inner][\/vc_row_inner]\n<div class=\"wpcf7 no-js\" id=\"wpcf7-f761-o1\" lang=\"ca\" dir=\"ltr\">\n<div class=\"screen-reader-response\"><p role=\"status\" aria-live=\"polite\" aria-atomic=\"true\"><\/p> <ul><\/ul><\/div>\n<form action=\"\/ca\/wp-json\/wp\/v2\/pages\/726#wpcf7-f761-o1\" method=\"post\" class=\"wpcf7-form init cf7_custom_style_1\" aria-label=\"Formulari de contacte\" novalidate=\"novalidate\" data-status=\"init\">\n<div style=\"display: none;\">\n<input type=\"hidden\" name=\"_wpcf7\" value=\"761\" \/>\n<input type=\"hidden\" name=\"_wpcf7_version\" value=\"5.9.8\" \/>\n<input type=\"hidden\" name=\"_wpcf7_locale\" value=\"ca\" \/>\n<input type=\"hidden\" name=\"_wpcf7_unit_tag\" value=\"wpcf7-f761-o1\" \/>\n<input type=\"hidden\" name=\"_wpcf7_container_post\" value=\"0\" \/>\n<input type=\"hidden\" name=\"_wpcf7_posted_data_hash\" value=\"\" \/>\n<input type=\"hidden\" name=\"_wpcf7_recaptcha_response\" value=\"\" \/>\n<\/div>\n<label>  El teu nom\n    <span class=\"wpcf7-form-control-wrap\" data-name=\"your-name\"><input size=\"40\" maxlength=\"400\" class=\"wpcf7-form-control wpcf7-text wpcf7-validates-as-required\" autocomplete=\"name\" aria-required=\"true\" aria-invalid=\"false\" value=\"\" type=\"text\" name=\"your-name\" \/><\/span> <\/label>\n\n<label>  El teu correu electr\u00f2nic\n    <span class=\"wpcf7-form-control-wrap\" data-name=\"your-email\"><input size=\"40\" maxlength=\"400\" class=\"wpcf7-form-control wpcf7-email wpcf7-validates-as-required wpcf7-text wpcf7-validates-as-email\" autocomplete=\"email\" aria-required=\"true\" aria-invalid=\"false\" value=\"\" type=\"email\" name=\"your-email\" \/><\/span> <\/label>\n\n<label>  Assumpte\n    <span class=\"wpcf7-form-control-wrap\" data-name=\"your-subject\"><input size=\"40\" maxlength=\"400\" class=\"wpcf7-form-control wpcf7-text wpcf7-validates-as-required\" aria-required=\"true\" aria-invalid=\"false\" value=\"\" type=\"text\" name=\"your-subject\" \/><\/span> <\/label>\n\n<label>  El teu missatge (opcional)\n    <span class=\"wpcf7-form-control-wrap\" data-name=\"your-message\"><textarea cols=\"40\" rows=\"10\" maxlength=\"2000\" class=\"wpcf7-form-control wpcf7-textarea\" aria-invalid=\"false\" name=\"your-message\"><\/textarea><\/span> <\/label>\n\n<input class=\"wpcf7-form-control wpcf7-submit has-spinner\" type=\"submit\" value=\"Enviar\" \/><div class=\"wpcf7-response-output\" aria-hidden=\"true\"><\/div>\n<\/form>\n<\/div>\n[\/qode_elements_holder_item][\/qode_elements_holder][\/vc_column][\/vc_row]<\/p>\n<\/div>","protected":false},"excerpt":{"rendered":"<p>[vc_row css_animation=&#8221;&#8221; row_type=&#8221;row&#8221; use_row_as_full_screen_section=&#8221;no&#8221; type=&#8221;full_width&#8221; angled_section=&#8221;no&#8221; text_align=&#8221;left&#8221; background_image_as_pattern=&#8221;without_pattern&#8221; el_class=&#8221;row-with-separator&#8221; z_index=&#8221;&#8221;][vc_column css=&#8221;.vc_custom_1516724424449{margin-top: 0px !important;margin-right: 0px !important;margin-bottom: 0px !important;margin-left: 0px !important;padding-right: 0px !important;padding-left: 0px !important;}&#8221;][qode_elements_holder number_of_columns=&#8221;two_columns&#8221;][qode_elements_holder_item vertical_alignment=&#8221;middle&#8221; advanced_animations=&#8221;no&#8221; background_image=&#8221;383&#8243;][\/qode_elements_holder_item][qode_elements_holder_item vertical_alignment=&#8221;middle&#8221; advanced_animations=&#8221;no&#8221; background_color=&#8221;#1a1917&#8243; item_padding=&#8221;21% 16%&#8221; item_padding_1280_1440=&#8221;5% 13%&#8221; item_padding_1024_1280=&#8221;5% 13%&#8221; item_padding_768_1024=&#8221;6% 10%&#8221; item_padding_600_768=&#8221;15% 9%&#8221; item_padding_480_600=&#8221;17% 15%&#8221; item_padding_480=&#8221;17% 15%&#8221;][vc_empty_space height=&#8221;65px&#8221;][vc_column_text&#8230;<\/p>\n","protected":false},"author":1,"featured_media":0,"parent":0,"menu_order":0,"comment_status":"closed","ping_status":"closed","template":"full_width.php","meta":{"content-type":"","om_disable_all_campaigns":false,"_monsterinsights_skip_tracking":false,"_monsterinsights_sitenote_active":false,"_monsterinsights_sitenote_note":"","_monsterinsights_sitenote_category":0,"_uf_show_specific_survey":0,"_uf_disable_surveys":false,"footnotes":""},"class_list":["post-726","page","type-page","status-publish","hentry"],"aioseo_notices":[],"yoast_head":"<!-- This site is optimized with the Yoast SEO plugin v23.5 - https:\/\/yoast.com\/wordpress\/plugins\/seo\/ -->\n<title>CONTACTE - 10K Lleida<\/title>\n<meta name=\"robots\" content=\"index, follow, max-snippet:-1, max-image-preview:large, max-video-preview:-1\" \/>\n<link rel=\"canonical\" href=\"https:\/\/10klleida.com\/ca\/contacte\/\" \/>\n<meta property=\"og:locale\" content=\"ca_ES\" \/>\n<meta property=\"og:type\" content=\"article\" \/>\n<meta property=\"og:title\" content=\"CONTACTE - 10K Lleida\" \/>\n<meta property=\"og:description\" content=\"[vc_row css_animation=&#8221;&#8221; row_type=&#8221;row&#8221; use_row_as_full_screen_section=&#8221;no&#8221; type=&#8221;full_width&#8221; angled_section=&#8221;no&#8221; text_align=&#8221;left&#8221; background_image_as_pattern=&#8221;without_pattern&#8221; el_class=&#8221;row-with-separator&#8221; z_index=&#8221;&#8221;][vc_column css=&#8221;.vc_custom_1516724424449{margin-top: 0px !important;margin-right: 0px !important;margin-bottom: 0px !important;margin-left: 0px !important;padding-right: 0px !important;padding-left: 0px !important;}&#8221;][qode_elements_holder number_of_columns=&#8221;two_columns&#8221;][qode_elements_holder_item vertical_alignment=&#8221;middle&#8221; advanced_animations=&#8221;no&#8221; background_image=&#8221;383&#8243;][\/qode_elements_holder_item][qode_elements_holder_item vertical_alignment=&#8221;middle&#8221; advanced_animations=&#8221;no&#8221; background_color=&#8221;#1a1917&#8243; item_padding=&#8221;21% 16%&#8221; item_padding_1280_1440=&#8221;5% 13%&#8221; item_padding_1024_1280=&#8221;5% 13%&#8221; item_padding_768_1024=&#8221;6% 10%&#8221; item_padding_600_768=&#8221;15% 9%&#8221; item_padding_480_600=&#8221;17% 15%&#8221; item_padding_480=&#8221;17% 15%&#8221;][vc_empty_space height=&#8221;65px&#8221;][vc_column_text...\" \/>\n<meta property=\"og:url\" content=\"https:\/\/10klleida.com\/ca\/contacte\/\" \/>\n<meta property=\"og:site_name\" content=\"10K Lleida\" \/>\n<meta property=\"article:modified_time\" content=\"2024-10-17T12:14:23+00:00\" \/>\n<meta name=\"twitter:card\" content=\"summary_large_image\" \/>\n<meta name=\"twitter:label1\" content=\"Temps estimat de lectura\" \/>\n\t<meta name=\"twitter:data1\" content=\"2 minuts\" \/>\n<script type=\"application\/ld+json\" class=\"yoast-schema-graph\">{\"@context\":\"https:\/\/schema.org\",\"@graph\":[{\"@type\":\"WebPage\",\"@id\":\"https:\/\/10klleida.com\/ca\/contacte\/\",\"url\":\"https:\/\/10klleida.com\/ca\/contacte\/\",\"name\":\"CONTACTE - 10K Lleida\",\"isPartOf\":{\"@id\":\"https:\/\/10klleida.com\/#website\"},\"datePublished\":\"2018-01-23T14:10:25+00:00\",\"dateModified\":\"2024-10-17T12:14:23+00:00\",\"breadcrumb\":{\"@id\":\"https:\/\/10klleida.com\/ca\/contacte\/#breadcrumb\"},\"inLanguage\":\"ca\",\"potentialAction\":[{\"@type\":\"ReadAction\",\"target\":[\"https:\/\/10klleida.com\/ca\/contacte\/\"]}]},{\"@type\":\"BreadcrumbList\",\"@id\":\"https:\/\/10klleida.com\/ca\/contacte\/#breadcrumb\",\"itemListElement\":[{\"@type\":\"ListItem\",\"position\":1,\"name\":\"Portada\",\"item\":\"https:\/\/10klleida.com\/ca\/\"},{\"@type\":\"ListItem\",\"position\":2,\"name\":\"CONTACTE\"}]},{\"@type\":\"WebSite\",\"@id\":\"https:\/\/10klleida.com\/#website\",\"url\":\"https:\/\/10klleida.com\/\",\"name\":\"10K Lleida\",\"description\":\"10K Lleida\",\"potentialAction\":[{\"@type\":\"SearchAction\",\"target\":{\"@type\":\"EntryPoint\",\"urlTemplate\":\"https:\/\/10klleida.com\/?s={search_term_string}\"},\"query-input\":{\"@type\":\"PropertyValueSpecification\",\"valueRequired\":true,\"valueName\":\"search_term_string\"}}],\"inLanguage\":\"ca\"}]}<\/script>\n<!-- \/ Yoast SEO plugin. -->","yoast_head_json":{"title":"CONTACTE - 10K Lleida","robots":{"index":"index","follow":"follow","max-snippet":"max-snippet:-1","max-image-preview":"max-image-preview:large","max-video-preview":"max-video-preview:-1"},"canonical":"https:\/\/10klleida.com\/ca\/contacte\/","og_locale":"ca_ES","og_type":"article","og_title":"CONTACTE - 10K Lleida","og_description":"[vc_row css_animation=&#8221;&#8221; row_type=&#8221;row&#8221; use_row_as_full_screen_section=&#8221;no&#8221; type=&#8221;full_width&#8221; angled_section=&#8221;no&#8221; text_align=&#8221;left&#8221; background_image_as_pattern=&#8221;without_pattern&#8221; el_class=&#8221;row-with-separator&#8221; z_index=&#8221;&#8221;][vc_column css=&#8221;.vc_custom_1516724424449{margin-top: 0px !important;margin-right: 0px !important;margin-bottom: 0px !important;margin-left: 0px !important;padding-right: 0px !important;padding-left: 0px !important;}&#8221;][qode_elements_holder number_of_columns=&#8221;two_columns&#8221;][qode_elements_holder_item vertical_alignment=&#8221;middle&#8221; advanced_animations=&#8221;no&#8221; background_image=&#8221;383&#8243;][\/qode_elements_holder_item][qode_elements_holder_item vertical_alignment=&#8221;middle&#8221; advanced_animations=&#8221;no&#8221; background_color=&#8221;#1a1917&#8243; item_padding=&#8221;21% 16%&#8221; item_padding_1280_1440=&#8221;5% 13%&#8221; item_padding_1024_1280=&#8221;5% 13%&#8221; item_padding_768_1024=&#8221;6% 10%&#8221; item_padding_600_768=&#8221;15% 9%&#8221; item_padding_480_600=&#8221;17% 15%&#8221; item_padding_480=&#8221;17% 15%&#8221;][vc_empty_space height=&#8221;65px&#8221;][vc_column_text...","og_url":"https:\/\/10klleida.com\/ca\/contacte\/","og_site_name":"10K Lleida","article_modified_time":"2024-10-17T12:14:23+00:00","twitter_card":"summary_large_image","twitter_misc":{"Temps estimat de lectura":"2 minuts"},"schema":{"@context":"https:\/\/schema.org","@graph":[{"@type":"WebPage","@id":"https:\/\/10klleida.com\/ca\/contacte\/","url":"https:\/\/10klleida.com\/ca\/contacte\/","name":"CONTACTE - 10K Lleida","isPartOf":{"@id":"https:\/\/10klleida.com\/#website"},"datePublished":"2018-01-23T14:10:25+00:00","dateModified":"2024-10-17T12:14:23+00:00","breadcrumb":{"@id":"https:\/\/10klleida.com\/ca\/contacte\/#breadcrumb"},"inLanguage":"ca","potentialAction":[{"@type":"ReadAction","target":["https:\/\/10klleida.com\/ca\/contacte\/"]}]},{"@type":"BreadcrumbList","@id":"https:\/\/10klleida.com\/ca\/contacte\/#breadcrumb","itemListElement":[{"@type":"ListItem","position":1,"name":"Portada","item":"https:\/\/10klleida.com\/ca\/"},{"@type":"ListItem","position":2,"name":"CONTACTE"}]},{"@type":"WebSite","@id":"https:\/\/10klleida.com\/#website","url":"https:\/\/10klleida.com\/","name":"10K Lleida","description":"10K Lleida","potentialAction":[{"@type":"SearchAction","target":{"@type":"EntryPoint","urlTemplate":"https:\/\/10klleida.com\/?s={search_term_string}"},"query-input":{"@type":"PropertyValueSpecification","valueRequired":true,"valueName":"search_term_string"}}],"inLanguage":"ca"}]}},"_links":{"self":[{"href":"https:\/\/10klleida.com\/ca\/wp-json\/wp\/v2\/pages\/726"}],"collection":[{"href":"https:\/\/10klleida.com\/ca\/wp-json\/wp\/v2\/pages"}],"about":[{"href":"https:\/\/10klleida.com\/ca\/wp-json\/wp\/v2\/types\/page"}],"author":[{"embeddable":true,"href":"https:\/\/10klleida.com\/ca\/wp-json\/wp\/v2\/users\/1"}],"replies":[{"embeddable":true,"href":"https:\/\/10klleida.com\/ca\/wp-json\/wp\/v2\/comments?post=726"}],"version-history":[{"count":9,"href":"https:\/\/10klleida.com\/ca\/wp-json\/wp\/v2\/pages\/726\/revisions"}],"predecessor-version":[{"id":771,"href":"https:\/\/10klleida.com\/ca\/wp-json\/wp\/v2\/pages\/726\/revisions\/771"}],"wp:attachment":[{"href":"https:\/\/10klleida.com\/ca\/wp-json\/wp\/v2\/media?parent=726"}],"curies":[{"name":"wp","href":"https:\/\/api.w.org\/{rel}","templated":true}]}}